{"id":88,"date":"2024-06-11T08:26:14","date_gmt":"2024-06-11T08:26:14","guid":{"rendered":"https:\/\/papers.iescapdellevant.org\/?page_id=88"},"modified":"2024-06-11T08:26:14","modified_gmt":"2024-06-11T08:26:14","slug":"contacte","status":"publish","type":"page","link":"https:\/\/papers.iescapdellevant.org\/index.php\/contacte\/","title":{"rendered":"Contacte"},"content":{"rendered":"\n<p>Adre\u00e7a de correu electr\u00f2nic: com.cnlinguistica@iescapdellevant.org<\/p>\n\n\n\n<p>Tel\u00e8fon del centre IES Cap de Llevant: 971353582<\/p>\n","protected":false},"excerpt":{"rendered":"<p>Adre\u00e7a de correu electr\u00f2nic: com.cnlinguistica@iescapdellevant.org Tel\u00e8fon del centre IES Cap de Llevant: 971353582<\/p>\n","protected":false},"author":1,"featured_media":0,"parent":0,"menu_order":0,"comment_status":"closed","ping_status":"closed","template":"","meta":{"footnotes":""},"class_list":["post-88","page","type-page","status-publish","hentry"],"_links":{"self":[{"href":"https:\/\/papers.iescapdellevant.org\/index.php\/wp-json\/wp\/v2\/pages\/88","targetHints":{"allow":["GET"]}}],"collection":[{"href":"https:\/\/papers.iescapdellevant.org\/index.php\/wp-json\/wp\/v2\/pages"}],"about":[{"href":"https:\/\/papers.iescapdellevant.org\/index.php\/wp-json\/wp\/v2\/types\/page"}],"author":[{"embeddable":true,"href":"https:\/\/papers.iescapdellevant.org\/index.php\/wp-json\/wp\/v2\/users\/1"}],"replies":[{"embeddable":true,"href":"https:\/\/papers.iescapdellevant.org\/index.php\/wp-json\/wp\/v2\/comments?post=88"}],"version-history":[{"count":1,"href":"https:\/\/papers.iescapdellevant.org\/index.php\/wp-json\/wp\/v2\/pages\/88\/revisions"}],"predecessor-version":[{"id":90,"href":"https:\/\/papers.iescapdellevant.org\/index.php\/wp-json\/wp\/v2\/pages\/88\/revisions\/90"}],"wp:attachment":[{"href":"https:\/\/papers.iescapdellevant.org\/index.php\/wp-json\/wp\/v2\/media?parent=88"}],"curies":[{"name":"wp","href":"https:\/\/api.w.org\/{rel}","templated":true}]}}